{"id":2,"date":"2023-01-24T13:19:01","date_gmt":"2023-01-24T13:19:01","guid":{"rendered":"http:\/\/wp452m.a10-52-158-154.qa.plesk.ru\/wordpress\/?page_id=2"},"modified":"2023-01-24T13:19:01","modified_gmt":"2023-01-24T13:19:01","slug":"sample-page","status":"publish","type":"page","link":"https:\/\/textacker.de\/?page_id=2","title":{"rendered":"Lektorat und Texte"},"content":{"rendered":"\n<p><em><strong>Mein Service-Angebot in K\u00fcrze:<\/strong><\/em><\/p>\n\n\n\n<p><em>Werbe- und Fachlektorat: ich lektoriere\/korrigiere &amp; standardisiere speziell Werbetexte und Werbemittel&nbsp; sowie und ganze Kataloge &#8211; Print und Online-Medien &#8211; nach CI-Vorgabe bzw. allgemeiner deutschsprachiger Orthographie, wenn es denn sein soll, inklusive Gendern &#8230;<br><\/em><\/p>\n\n\n\n<p><em>SEO-Texte: Vom Software-Produkt \u00fcber Pflanzenk\u00fcbel, Online-T-Shirt-Druck-Service bis zum Sch\u00f6nheitschirurgen-Angebot &#8211; im jeweils passenden Stil in der gew\u00fcnschten Textl\u00e4nge (Google steht bekannterma\u00dfen auf &#8222;unique content&#8220; &#8211; d.h.: Texterstellung und -bearbeitung ohne Kopien oder \u00dcbernahmen; dazu auch Textvarianten f\u00fcr Produktgruppen.<\/em><\/p>\n\n\n\n<p><strong><em>Kontakt:<\/em><\/strong><\/p>\n\n\n\n<figure class=\"wp-block-image is-resized\"><img decoding=\"async\" loading=\"lazy\" src=\"http:\/\/textacker.de\/wp-content\/uploads\/2017\/01\/textacker_Foot_-300x70.jpg\" alt=\"\" class=\"wp-image-17\" width=\"666\" height=\"155\" srcset=\"https:\/\/textacker.de\/wp-content\/uploads\/2017\/01\/textacker_Foot_-300x70.jpg 300w, https:\/\/textacker.de\/wp-content\/uploads\/2017\/01\/textacker_Foot_-768x178.jpg 768w, https:\/\/textacker.de\/wp-content\/uploads\/2017\/01\/textacker_Foot_-1024x238.jpg 1024w, https:\/\/textacker.de\/wp-content\/uploads\/2017\/01\/textacker_Foot_-624x145.jpg 624w\" sizes=\"(max-width: 666px) 100vw, 666px\" \/><\/figure>\n","protected":false},"excerpt":{"rendered":"<p>Mein Service-Angebot in K\u00fcrze: Werbe- und Fachlektorat: ich lektoriere\/korrigiere &amp; standardisiere speziell Werbetexte und Werbemittel&nbsp; sowie und ganze Kataloge &#8211; Print und Online-Medien &#8211; nach CI-Vorgabe bzw. allgemeiner deutschsprachiger Orthographie, wenn es denn sein soll, inklusive Gendern &#8230; SEO-Texte: Vom Software-Produkt \u00fcber Pflanzenk\u00fcbel, Online-T-Shirt-Druck-Service bis zum Sch\u00f6nheitschirurgen-Angebot &#8211; im jeweils passenden Stil in der gew\u00fcnschten [&hellip;]<\/p>\n","protected":false},"author":1,"featured_media":0,"parent":0,"menu_order":0,"comment_status":"closed","ping_status":"open","template":"","meta":[],"_links":{"self":[{"href":"https:\/\/textacker.de\/index.php?rest_route=\/wp\/v2\/pages\/2"}],"collection":[{"href":"https:\/\/textacker.de\/index.php?rest_route=\/wp\/v2\/pages"}],"about":[{"href":"https:\/\/textacker.de\/index.php?rest_route=\/wp\/v2\/types\/page"}],"author":[{"embeddable":true,"href":"https:\/\/textacker.de\/index.php?rest_route=\/wp\/v2\/users\/1"}],"replies":[{"embeddable":true,"href":"https:\/\/textacker.de\/index.php?rest_route=%2Fwp%2Fv2%2Fcomments&post=2"}],"version-history":[{"count":10,"href":"https:\/\/textacker.de\/index.php?rest_route=\/wp\/v2\/pages\/2\/revisions"}],"predecessor-version":[{"id":57,"href":"https:\/\/textacker.de\/index.php?rest_route=\/wp\/v2\/pages\/2\/revisions\/57"}],"wp:attachment":[{"href":"https:\/\/textacker.de\/index.php?rest_route=%2Fwp%2Fv2%2Fmedia&parent=2"}],"curies":[{"name":"wp","href":"https:\/\/api.w.org\/{rel}","templated":true}]}}